{"id":26,"date":"2019-02-15T12:43:58","date_gmt":"2019-02-15T12:43:58","guid":{"rendered":"http:\/\/up2head.com\/?page_id=26"},"modified":"2020-08-17T20:39:44","modified_gmt":"2020-08-17T20:39:44","slug":"home","status":"publish","type":"page","link":"https:\/\/up2head.com\/","title":{"rendered":"Home"},"content":{"rendered":"<h3 style=\"text-align: center;\">\n<div class=\"section section-parallax\" style=\"background-color: #ffffff; border: 0px solid #ececec; padding: 20px 0; background-image: url(IMAGEURL);\">\n<div class=\"container clearfix\">\n<div class=\"sixteen columns\">Conhe\u00e7a as nossas Plataformas de relacionamento com o cliente, desde a capta\u00e7\u00e3o do Lead at\u00e9 a convers\u00e3o final atrav\u00e9s de SMS MKT e CUPOM.<\/div>\n<\/div>\n<\/div>\n<\/h3>\n<div class=\"section section-parallax\" style=\"background-color: #ffffff; border: 0px solid #ececec; padding: 0px 0; background-image: url(IMAGEURL);\">\n<div class=\"container clearfix\">\n<div class=\"sixteen columns\">\n<div class=\"one_fourth\"><img decoding=\"async\" loading=\"lazy\" class=\"aligncenter wp-image-44 size-full\" src=\"http:\/\/up2head.com\/wp-content\/uploads\/2019\/02\/upsky.png\" alt=\"\" width=\"228\" height=\"169\" \/><\/p>\n<p style=\"text-align: center;\">Capta\u00e7\u00e3o local de <strong><em>LEADS<\/em><\/strong><br \/>\natrav\u00e9s da rede WI-FI<\/p>\n<p style=\"text-align: center;\"><a href=\"http:\/\/up2head.com\/index.php\/upsky\/\" target=\"_parent\" class=\" button GRAY medium\" rel=\"slides[buttonlightbox]\">CLIQUE AQUI<\/a><\/div>\n<div class=\"one_fourth\"><img decoding=\"async\" loading=\"lazy\" class=\"wp-image-704 size-full aligncenter\" src=\"http:\/\/up2head.com\/wp-content\/uploads\/2020\/05\/digital-flyer1.png\" alt=\"\" width=\"228\" height=\"169\" \/><\/p>\n<p style=\"text-align: center;\">Plataforma de Relacionamento<br \/>\natrav\u00e9s de <strong>SMS MKT<\/strong><\/p>\n<p style=\"text-align: center;\"><a href=\"http:\/\/up2head.com\/index.php\/digital-flyer\/\" target=\"_parent\" class=\" button GRAY medium\" rel=\"slides[buttonlightbox]\">CLIQUE AQUI<\/a><\/div>\n<div class=\"one_fourth\"><img decoding=\"async\" loading=\"lazy\" class=\"aligncenter wp-image-46 size-full\" src=\"http:\/\/up2head.com\/wp-content\/uploads\/2019\/02\/cupomup.png\" alt=\"\" width=\"228\" height=\"169\" \/><\/p>\n<p style=\"text-align: center;\">Campanhas promocionais<br \/>\ncom valida\u00e7\u00e3o de <strong>CUPOM<\/strong><\/p>\n<p style=\"text-align: center;\"><a href=\"http:\/\/up2head.com\/index.php\/cupomup\/\" target=\"_parent\" class=\" button GRAY medium\" rel=\"slides[buttonlightbox]\">CLIQUE AQUI<\/a><\/div>\n<div class=\"one_fourth last\"><img decoding=\"async\" loading=\"lazy\" class=\"wp-image-732 size-full aligncenter\" src=\"http:\/\/up2head.com\/wp-content\/uploads\/2020\/08\/cvup.png\" alt=\"\" width=\"228\" height=\"169\" \/><\/p>\n<p style=\"text-align: center;\"><strong>RECOLOCA\u00c7\u00c3O<\/strong> profissional<br \/>\ne consultoria de carreira<\/p>\n<p style=\"text-align: center;\"><a href=\"https:\/\/cvup.com.br\" target=\"_blank\" class=\" button GRAY medium\" rel=\"slides[buttonlightbox]\">CLIQUE AQUI<\/a><\/div>\n<div class=\"clear\"><\/div>\n<\/p>\n<p style=\"text-align: center;\"><\/div>\n<\/div>\n<\/div>\n<p>&nbsp;<\/p>\n<h2 style=\"text-align: center;\">\n<div class=\"section section-parallax\" style=\"background-color: #d8d9dd; border: 0px solid #ececec; padding: 10px 0; background-image: url(IMAGEURL);\">\n<div class=\"container clearfix\">\n<div class=\"sixteen columns\">Clientes<\/div>\n<\/div>\n<\/div>\n<div class=\"section section-parallax\" style=\"background-color: #d8d9dd; border: 0px solid #ececec; padding: 20px 0; background-image: url(IMAGEURL);\">\n<div class=\"container clearfix\">\n<div class=\"sixteen columns\">\t\t\t\t<style>\n\t\t\t#wpls-logo-showcase-slider-1 .wp-post-image,\n\t\t\t#wpls-logo-showcase-slider-1 .wp-post-image img.wp-post-image{max-height:250px; }\n\t\t<\/style>\n\t\t<div class=\"wpls-logo-showcase-slider-wrp wpls-logo-clearfix\">\n\t\t\t<div class=\"wpls-logo-showcase logo_showcase wpls-logo-slider  wpls-design-1 center sliderimage_hide_border\" id=\"wpls-logo-showcase-slider-1\" >\n\t\t\t\t\n<div class=\"wpls-logo-cnt\" title=\"Mcdonalds\">\t\n\t<div class=\"wpls-fix-box\">\t\t\n\t\t\t\t\t\n\t\t\t<img class=\"wp-post-image\" src=\"https:\/\/up2head.com\/wp-content\/uploads\/2019\/02\/mc-donalds.png\" alt=\"\" \/>\t\t\n\t\t\t\n\t<\/div>\n\t<\/div>\n<div class=\"wpls-logo-cnt\" title=\"MecMall\">\t\n\t<div class=\"wpls-fix-box\">\t\t\n\t\t\t\t\t\n\t\t\t<img class=\"wp-post-image\" src=\"https:\/\/up2head.com\/wp-content\/uploads\/2019\/02\/mec-malls.png\" alt=\"\" \/>\t\t\n\t\t\t\n\t<\/div>\n\t<\/div>\n<div class=\"wpls-logo-cnt\" title=\"OpenMall\">\t\n\t<div class=\"wpls-fix-box\">\t\t\n\t\t\t\t\t\n\t\t\t<img class=\"wp-post-image\" src=\"https:\/\/up2head.com\/wp-content\/uploads\/2019\/02\/opena-mall.png\" alt=\"\" \/>\t\t\n\t\t\t\n\t<\/div>\n\t<\/div>\n<div class=\"wpls-logo-cnt\" title=\"QBazar\">\t\n\t<div class=\"wpls-fix-box\">\t\t\n\t\t\t\t\t\n\t\t\t<img class=\"wp-post-image\" src=\"https:\/\/up2head.com\/wp-content\/uploads\/2019\/02\/q-bazar.png\" alt=\"\" \/>\t\t\n\t\t\t\n\t<\/div>\n\t<\/div>\n<div class=\"wpls-logo-cnt\" title=\"benihana\">\t\n\t<div class=\"wpls-fix-box\">\t\t\n\t\t\t\t\t\n\t\t\t<img class=\"wp-post-image\" src=\"https:\/\/up2head.com\/wp-content\/uploads\/2019\/02\/benihana.png\" alt=\"\" \/>\t\t\n\t\t\t\n\t<\/div>\n\t<\/div>\n<div class=\"wpls-logo-cnt\" title=\"Wendys\">\t\n\t<div class=\"wpls-fix-box\">\t\t\n\t\t\t\t\t\n\t\t\t<img class=\"wp-post-image\" src=\"https:\/\/up2head.com\/wp-content\/uploads\/2019\/02\/wendys.png\" alt=\"\" \/>\t\t\n\t\t\t\n\t<\/div>\n\t<\/div>\n<div class=\"wpls-logo-cnt\" title=\"Juniper\">\t\n\t<div class=\"wpls-fix-box\">\t\t\n\t\t\t\t\t\n\t\t\t<img class=\"wp-post-image\" src=\"https:\/\/up2head.com\/wp-content\/uploads\/2019\/02\/the-juniper.png\" alt=\"\" \/>\t\t\n\t\t\t\n\t<\/div>\n\t<\/div>\n<div class=\"wpls-logo-cnt\" title=\"Stunt\">\t\n\t<div class=\"wpls-fix-box\">\t\t\n\t\t\t\t\t\n\t\t\t<img class=\"wp-post-image\" src=\"https:\/\/up2head.com\/wp-content\/uploads\/2019\/02\/stunt-burger.png\" alt=\"\" \/>\t\t\n\t\t\t\n\t<\/div>\n\t<\/div>\n<div class=\"wpls-logo-cnt\" title=\"P2W\">\t\n\t<div class=\"wpls-fix-box\">\t\t\n\t\t\t\t\t\n\t\t\t<img class=\"wp-post-image\" src=\"https:\/\/up2head.com\/wp-content\/uploads\/2020\/05\/p2w.png\" alt=\"\" \/>\t\t\n\t\t\t\n\t<\/div>\n\t<\/div>\n<div class=\"wpls-logo-cnt\" title=\"kiichi\">\t\n\t<div class=\"wpls-fix-box\">\t\t\n\t\t\t\t\t\n\t\t\t<img class=\"wp-post-image\" src=\"https:\/\/up2head.com\/wp-content\/uploads\/2019\/02\/kiichi.png\" alt=\"\" \/>\t\t\n\t\t\t\n\t<\/div>\n\t<\/div>\n<div class=\"wpls-logo-cnt\" title=\"koji\">\t\n\t<div class=\"wpls-fix-box\">\t\t\n\t\t\t\t\t\n\t\t\t<img class=\"wp-post-image\" src=\"https:\/\/up2head.com\/wp-content\/uploads\/2019\/02\/koji.png\" alt=\"\" \/>\t\t\n\t\t\t\n\t<\/div>\n\t<\/div>\n<div class=\"wpls-logo-cnt\" title=\"brmalls\">\t\n\t<div class=\"wpls-fix-box\">\t\t\n\t\t\t\t\t\n\t\t\t<img class=\"wp-post-image\" src=\"https:\/\/up2head.com\/wp-content\/uploads\/2020\/05\/brmalls.png\" alt=\"\" \/>\t\t\n\t\t\t\n\t<\/div>\n\t<\/div>\n<div class=\"wpls-logo-cnt\" title=\"Hirota Food\">\t\n\t<div class=\"wpls-fix-box\">\t\t\n\t\t\t\t\t\n\t\t\t<img class=\"wp-post-image\" src=\"https:\/\/up2head.com\/wp-content\/uploads\/2020\/05\/hirota.png\" alt=\"\" \/>\t\t\n\t\t\t\n\t<\/div>\n\t<\/div>\n<div class=\"wpls-logo-cnt\" title=\"Villa Multimall\">\t\n\t<div class=\"wpls-fix-box\">\t\t\n\t\t\t\t\t\n\t\t\t<img class=\"wp-post-image\" src=\"https:\/\/up2head.com\/wp-content\/uploads\/2020\/05\/villa-multimall.png\" alt=\"\" \/>\t\t\n\t\t\t\n\t<\/div>\n\t<\/div>\t\t\t<\/div>\n\t\t\t<div class=\"wpls-logo-showacse-slider-conf\" data-conf=\"{&quot;slides_column&quot;:&quot;5&quot;,&quot;slides_scroll&quot;:&quot;1&quot;,&quot;dots&quot;:&quot;true&quot;,&quot;arrows&quot;:&quot;true&quot;,&quot;autoplay&quot;:&quot;true&quot;,&quot;autoplay_interval&quot;:&quot;2000&quot;,&quot;loop&quot;:&quot;true&quot;,&quot;rtl&quot;:&quot;false&quot;,&quot;speed&quot;:&quot;1000&quot;,&quot;center_mode&quot;:&quot;true&quot;}\"><\/div>\n\t\t<\/div>\n\t\t\t\n\t\t<\/div>\n<\/div>\n<\/div>\n<\/h2>\n","protected":false},"excerpt":{"rendered":"<p>Conhe\u00e7a as nossas Plataformas de relacionamento com o cliente, desde a capta\u00e7\u00e3o do Lead at\u00e9 a convers\u00e3o final atrav\u00e9s de SMS MKT e CUPOM. Capta\u00e7\u00e3o local de LEADS atrav\u00e9s da\u2026 <a href=\"https:\/\/up2head.com\/index.php\/logoshowcase\/villa-multimall\/\" class=\"read-more-link\">read more &rarr;<\/a><\/p>\n","protected":false},"author":2,"featured_media":0,"parent":0,"menu_order":0,"comment_status":"closed","ping_status":"closed","template":"page-section.php","meta":[],"_links":{"self":[{"href":"https:\/\/up2head.com\/index.php\/wp-json\/wp\/v2\/pages\/26"}],"collection":[{"href":"https:\/\/up2head.com\/index.php\/wp-json\/wp\/v2\/pages"}],"about":[{"href":"https:\/\/up2head.com\/index.php\/wp-json\/wp\/v2\/types\/page"}],"author":[{"embeddable":true,"href":"https:\/\/up2head.com\/index.php\/wp-json\/wp\/v2\/users\/2"}],"replies":[{"embeddable":true,"href":"https:\/\/up2head.com\/index.php\/wp-json\/wp\/v2\/comments?post=26"}],"version-history":[{"count":66,"href":"https:\/\/up2head.com\/index.php\/wp-json\/wp\/v2\/pages\/26\/revisions"}],"predecessor-version":[{"id":742,"href":"https:\/\/up2head.com\/index.php\/wp-json\/wp\/v2\/pages\/26\/revisions\/742"}],"wp:attachment":[{"href":"https:\/\/up2head.com\/index.php\/wp-json\/wp\/v2\/media?parent=26"}],"curies":[{"name":"wp","href":"https:\/\/api.w.org\/{rel}","templated":true}]}}