{"id":118,"date":"2019-02-15T17:42:56","date_gmt":"2019-02-15T17:42:56","guid":{"rendered":"http:\/\/up2head.com\/?page_id=118"},"modified":"2019-03-20T00:37:09","modified_gmt":"2019-03-20T00:37:09","slug":"upsky","status":"publish","type":"page","link":"https:\/\/up2head.com\/index.php\/upsky\/","title":{"rendered":"UPSKY"},"content":{"rendered":"<h1 style=\"text-align: left;\"><span style=\"color: #333333;\"><\/p>\n<div class=\"section section-parallax\" style=\"background-color: #ffffff; border: 0px solid #ececec; padding: 10px 0; background-image: url( );\">\n<div class=\"container clearfix\">\n<div class=\"sixteen columns\">UPSKY<\/div>\n<\/div>\n<\/div>\n<p><\/span><\/h1>\n<div class=\"section section-parallax\" style=\"background-color: #ffffff; border: 0px solid #ececec; padding: 10px 0; background-image: url(IMAGEURL);\">\n<div class=\"container clearfix\">\n<div class=\"sixteen columns\">\n<div class=\"two_third\">Somos o mais\u00a0<strong>novo canal de comunica\u00e7\u00e3o<\/strong>\u00a0entre a sua empresa e seus clientes. Uma solu\u00e7\u00e3o inovadora. Transformamos seu sinal de WI-FI em capta\u00e7\u00e3o de dados das pessoas que acessam a sua rede.\u00a0Esses dados s\u00e3o armazenados e possibilitam a\u00a0<strong>divulga\u00e7\u00e3o de suas promo\u00e7\u00f5es, produtos e servi\u00e7os<\/strong>\u00a0de forma simples e inovadora.<\/div>\n<div class=\"one_third last\"><span class=\"responsive\"><img decoding=\"async\" loading=\"lazy\" class=\"size-full wp-image-44 aligncenter\" src=\"http:\/\/up2head.com\/wp-content\/uploads\/2019\/02\/upsky.png\" alt=\"\" width=\"228\" height=\"169\" \/><\/span><\/div>\n<div class=\"clear\"><\/div>\n<\/div>\n<\/div>\n<\/div>\n<h2 style=\"text-align: center;\">\n<div class=\"section section-parallax\" style=\"background-color:  ; border: 0px solid #ececec; padding: 40px 0; background-image: url(http:\/\/up2head.com\/wp-content\/uploads\/2019\/03\/sky.jpg);\">\n<div class=\"container clearfix\">\n<div class=\"sixteen columns\"><span style=\"color: #ffffff;\">A UPSKY \u00e9 indicada para empresas que querem ter um relacionamento pr\u00f3ximo com seus clientes. Temos\u00a0a solu\u00e7\u00e3o recomendada para que voc\u00ea conhe\u00e7a e se relacione com o seu p\u00fablico, e o melhor&#8230; n\u00f3s fazemos isso pra voc\u00ea!<\/span><\/div>\n<\/div>\n<\/div>\n<\/h2>\n<h2>\n<div class=\"section section-parallax\" style=\"background-color: #ffffff; border: 0px solid #ececec; padding: 10px 0; background-image: url(IMAGEURL);\">\n<div class=\"container clearfix\">\n<div class=\"sixteen columns\">Veja como \u00e9 simples e r\u00e1pido:<\/div>\n<\/div>\n<\/div>\n<\/h2>\n<div class=\"section section-parallax\" style=\"background-color: #ffffff; border: 0px solid #ececec; padding: 40px 0; background-image: url(IMAGEURL);\">\n<div class=\"container clearfix\">\n<div class=\"sixteen columns\">\n<div class=\"one_fourth\">\u00a0\u00a0<img decoding=\"async\" loading=\"lazy\" class=\"alignnone size-full wp-image-221\" src=\"http:\/\/up2head.com\/wp-content\/uploads\/2019\/03\/icon-modem.jpg\" alt=\"\" width=\"180\" height=\"166\" \/><\/p>\n<p>1- Instalamos na sua empresa um Modem Wi-FI para a conex\u00e3o dos seus clientes. Mais seguran\u00e7a na sua rede.\u00a0<\/p><\/div>\n<div class=\"one_fourth\"><img decoding=\"async\" loading=\"lazy\" class=\"alignnone size-medium wp-image-220\" src=\"http:\/\/up2head.com\/wp-content\/uploads\/2019\/03\/icon-mobile.jpg\" alt=\"\" width=\"180\" height=\"166\" \/><\/p>\n<p>2- Seu cliente se conecta com o perfil da pr\u00f3pria rede social na sua rede\u00a0WI-FI GR\u00c1TIS e seus dados reais s\u00e3o armazenados em nosso sistema.<\/p>\n<\/div>\n<div class=\"one_fourth\"><img decoding=\"async\" loading=\"lazy\" class=\"alignnone size-medium wp-image-222\" src=\"http:\/\/up2head.com\/wp-content\/uploads\/2019\/03\/icon-social.jpg\" alt=\"\" width=\"180\" height=\"166\" \/><\/p>\n<p>3-\u00a0Atrav\u00e9s do Check-In do Facebook, seu cliente promove sua empresa para os amigos.<\/p><\/div>\n<div class=\"one_fourth last\"><img decoding=\"async\" loading=\"lazy\" class=\"alignnone size-full wp-image-219\" src=\"http:\/\/up2head.com\/wp-content\/uploads\/2019\/03\/icon-idea.jpg\" alt=\"\" width=\"180\" height=\"166\" \/><\/p>\n<p>4- Nossa equipe de comunica\u00e7\u00e3o e marketing estuda a melhor forma de interagir com seu cliente criando a\u00e7\u00f5es com hora e dia marcados e sob medida para sua empresa.\u00a0<\/p><\/div>\n<div class=\"clear\"><\/div>\n<\/div>\n<\/div>\n<\/div>\n","protected":false},"excerpt":{"rendered":"<p>UPSKY Somos o mais\u00a0novo canal de comunica\u00e7\u00e3o\u00a0entre a sua empresa e seus clientes. Uma solu\u00e7\u00e3o inovadora. Transformamos seu sinal de WI-FI em capta\u00e7\u00e3o de dados das pessoas que acessam a\u2026 <a href=\"https:\/\/up2head.com\/index.php\/upsky\/\" class=\"read-more-link\">read more &rarr;<\/a><\/p>\n","protected":false},"author":2,"featured_media":0,"parent":0,"menu_order":0,"comment_status":"closed","ping_status":"closed","template":"page-section.php","meta":[],"_links":{"self":[{"href":"https:\/\/up2head.com\/index.php\/wp-json\/wp\/v2\/pages\/118"}],"collection":[{"href":"https:\/\/up2head.com\/index.php\/wp-json\/wp\/v2\/pages"}],"about":[{"href":"https:\/\/up2head.com\/index.php\/wp-json\/wp\/v2\/types\/page"}],"author":[{"embeddable":true,"href":"https:\/\/up2head.com\/index.php\/wp-json\/wp\/v2\/users\/2"}],"replies":[{"embeddable":true,"href":"https:\/\/up2head.com\/index.php\/wp-json\/wp\/v2\/comments?post=118"}],"version-history":[{"count":38,"href":"https:\/\/up2head.com\/index.php\/wp-json\/wp\/v2\/pages\/118\/revisions"}],"predecessor-version":[{"id":353,"href":"https:\/\/up2head.com\/index.php\/wp-json\/wp\/v2\/pages\/118\/revisions\/353"}],"wp:attachment":[{"href":"https:\/\/up2head.com\/index.php\/wp-json\/wp\/v2\/media?parent=118"}],"curies":[{"name":"wp","href":"https:\/\/api.w.org\/{rel}","templated":true}]}}